{"id":21,"date":"2025-03-24T14:52:25","date_gmt":"2025-03-24T14:52:25","guid":{"rendered":"https:\/\/wide.com.pl\/index.php\/home\/"},"modified":"2025-03-31T12:56:01","modified_gmt":"2025-03-31T12:56:01","slug":"home","status":"publish","type":"page","link":"https:\/\/wide.com.pl\/en\/","title":{"rendered":"Home"},"content":{"rendered":"<style>.kb-row-layout-id21_a013d9-b9 > .kt-row-column-wrap{align-content:start;}:where(.kb-row-layout-id21_a013d9-b9 > .kt-row-column-wrap) > .wp-block-kadence-column{justify-content:start;}.kb-row-layout-id21_a013d9-b9 > .kt-row-column-wrap{column-gap:var(--global-kb-gap-md, 2rem);row-gap:var(--global-kb-gap-md, 2rem);padding-bottom:var(--global-kb-spacing-sm, 1.5rem);min-height:500px;grid-template-columns:minmax(0, 1fr);}.kb-row-layout-id21_a013d9-b9{background-image:url('https:\/\/wide.com.pl\/wp-content\/uploads\/2025\/03\/wide3-scaled.jpg');background-size:cover;background-position:48% 28.999999999999996%;background-attachment:scroll;background-repeat:no-repeat;}.kb-row-layout-id21_a013d9-b9 > .kt-row-layout-overlay{opacity:0.30;}@media all and (max-width: 1024px){.kb-row-layout-id21_a013d9-b9 > .kt-row-column-wrap{grid-template-columns:minmax(0, 1fr);}}@media all and (max-width: 767px){.kb-row-layout-id21_a013d9-b9 > .kt-row-column-wrap{grid-template-columns:minmax(0, 1fr);}}<\/style><div class=\"kb-row-layout-wrap kb-row-layout-id21_a013d9-b9 alignnone kt-row-has-bg wp-block-kadence-rowlayout\"><div class=\"kt-row-column-wrap kt-has-1-columns kt-row-layout-equal kt-tab-layout-inherit kt-mobile-layout-row kt-row-valign-top\">\n<style>.kadence-column21_76fa1c-df > .kt-inside-inner-col,.kadence-column21_76fa1c-df > .kt-inside-inner-col:before{border-top-left-radius:0px;border-top-right-radius:0px;border-bottom-right-radius:0px;border-bottom-left-radius:0px;}.kadence-column21_76fa1c-df > .kt-inside-inner-col{column-gap:var(--global-kb-gap-sm, 1rem);}.kadence-column21_76fa1c-df > .kt-inside-inner-col{flex-direction:column;}.kadence-column21_76fa1c-df > .kt-inside-inner-col > .aligncenter{width:100%;}.kadence-column21_76fa1c-df > .kt-inside-inner-col:before{opacity:0.3;}.kadence-column21_76fa1c-df{position:relative;}@media all and (max-width: 1024px){.kadence-column21_76fa1c-df > .kt-inside-inner-col{flex-direction:column;justify-content:center;}}@media all and (max-width: 767px){.kadence-column21_76fa1c-df > .kt-inside-inner-col{flex-direction:column;justify-content:center;}}<\/style>\n<div class=\"wp-block-kadence-column kadence-column21_76fa1c-df\"><div class=\"kt-inside-inner-col\"><\/div><\/div>\n\n<\/div><\/div>\n\n\n<h1 class=\"wp-block-heading has-text-align-center has-text-color has-link-color wp-elements-001d2c795311d91a4cac6d2dcee1dcdc\" style=\"color:#f1841a\"><strong>ADN Business Academy \u2013 a professional partner in education<\/strong><\/h1>\n\n\n<div class=\"wp-block-image mt-50\">\n<figure class=\"aligncenter size-full is-resized\"><img decoding=\"async\" src=\"https:\/\/www.adn.pl\/wp-content\/uploads\/2021\/12\/2223.jpg\" alt=\"\" class=\"wp-image-2981\" style=\"width:109px;height:auto\"\/><\/figure>\n<\/div>\n\n<style>.kb-row-layout-id21_e3820e-ab > .kt-row-column-wrap{align-content:start;}:where(.kb-row-layout-id21_e3820e-ab > .kt-row-column-wrap) > .wp-block-kadence-column{justify-content:start;}.kb-row-layout-id21_e3820e-ab > .kt-row-column-wrap{column-gap:var(--global-kb-gap-md, 2rem);row-gap:var(--global-kb-gap-md, 2rem);max-width:var( --global-content-width, 1290px );padding-left:var(--global-content-edge-padding);padding-right:var(--global-content-edge-padding);padding-top:var(--global-kb-spacing-sm, 1.5rem);padding-bottom:var(--global-kb-spacing-sm, 1.5rem);grid-template-columns:minmax(0, 1fr);}.kb-row-layout-id21_e3820e-ab > .kt-row-layout-overlay{opacity:0.30;}@media all and (max-width: 1024px){.kb-row-layout-id21_e3820e-ab > .kt-row-column-wrap{grid-template-columns:minmax(0, 1fr);}}@media all and (max-width: 767px){.kb-row-layout-id21_e3820e-ab > .kt-row-column-wrap{grid-template-columns:minmax(0, 1fr);}}<\/style><div class=\"kb-row-layout-wrap kb-row-layout-id21_e3820e-ab alignnone wp-block-kadence-rowlayout\"><div class=\"kt-row-column-wrap kt-has-1-columns kt-row-layout-equal kt-tab-layout-inherit kt-mobile-layout-row kt-row-valign-top kb-theme-content-width\">\n<style>.kadence-column21_7241ff-13 > .kt-inside-inner-col,.kadence-column21_7241ff-13 > .kt-inside-inner-col:before{border-top-left-radius:0px;border-top-right-radius:0px;border-bottom-right-radius:0px;border-bottom-left-radius:0px;}.kadence-column21_7241ff-13 > .kt-inside-inner-col{column-gap:var(--global-kb-gap-sm, 1rem);}.kadence-column21_7241ff-13 > .kt-inside-inner-col{flex-direction:column;}.kadence-column21_7241ff-13 > .kt-inside-inner-col > .aligncenter{width:100%;}.kadence-column21_7241ff-13 > .kt-inside-inner-col:before{opacity:0.3;}.kadence-column21_7241ff-13{position:relative;}@media all and (max-width: 1024px){.kadence-column21_7241ff-13 > .kt-inside-inner-col{flex-direction:column;justify-content:center;}}@media all and (max-width: 767px){.kadence-column21_7241ff-13 > .kt-inside-inner-col{flex-direction:column;justify-content:center;}}<\/style>\n<div class=\"wp-block-kadence-column kadence-column21_7241ff-13\"><div class=\"kt-inside-inner-col\">\n<p class=\"has-text-color has-background has-link-color wp-elements-da721ec954c474fad91bfa51f2bb7ee8\" style=\"color:#202b52;background-color:#f7f7f7\"><strong>The Wider and Deaper EU \u2013 WIDE Project<\/strong> is an initiative of ADN Business Academy &#8211; Teacher Training Centre being implemented on the basis of a Grant Agreement with the European Education and Culture Executive Agency (EACEA) financed by the European Union under the Jean Monnet Programme (\/\/ ERASMUS-JMO-2024-OFET-TT).<\/p>\n\n\n\n<div class=\"wp-block-media-text has-media-on-the-right is-stacked-on-mobile is-image-fill-element\"><div class=\"wp-block-media-text__content\">\n<p>The main objective of the Wider and Deeper EU \u2013 WIDE project is to <strong>promote the values and culture of European citizenship among Polish teachers, trainers and students.<\/strong><\/p>\n\n\n\n<p>Equipping Polish teachers and trainers with knowledge about the European Union will allow them to become \u201cAmbassadors of EU values\u201d for their students and training participants.<\/p>\n\n\n\n<p>As a result of participation in the project,<strong> teachers will acquire unique skills, competences and knowledge about the European Union<\/strong>, the European integration process, European institutions and their functioning in shaping long-term European policies and strategies that affect and improve the lives of citizens of European Union countries.<\/p>\n<\/div><figure class=\"wp-block-media-text__media\"><img loading=\"lazy\" decoding=\"async\" width=\"1024\" height=\"576\" src=\"https:\/\/wide.com.pl\/wp-content\/uploads\/2025\/03\/poland_ue-1024x576.png\" alt=\"\" class=\"wp-image-397 size-full\" style=\"object-position:50% 50%\" srcset=\"https:\/\/wide.com.pl\/wp-content\/uploads\/2025\/03\/poland_ue-1024x576.png 1024w, https:\/\/wide.com.pl\/wp-content\/uploads\/2025\/03\/poland_ue-300x169.png 300w, https:\/\/wide.com.pl\/wp-content\/uploads\/2025\/03\/poland_ue-768x432.png 768w, https:\/\/wide.com.pl\/wp-content\/uploads\/2025\/03\/poland_ue-1536x864.png 1536w, https:\/\/wide.com.pl\/wp-content\/uploads\/2025\/03\/poland_ue-2048x1152.png 2048w\" sizes=\"auto, (max-width: 1024px) 100vw, 1024px\" \/><\/figure><\/div>\n\n\n\n<h2 class=\"wp-block-heading has-text-align-center has-text-color has-link-color wp-elements-454fa0091ddee89660c3ab897f4a4fdf\" style=\"color:#f1841a\">MORE INFORMATION<\/h2>\n\n\n<div class=\"wp-block-image mt-50\">\n<figure class=\"aligncenter size-full is-resized\"><img decoding=\"async\" src=\"https:\/\/www.adn.pl\/wp-content\/uploads\/2021\/12\/2223.jpg\" alt=\"\" class=\"wp-image-2981\" style=\"width:109px;height:auto\"\/><\/figure>\n<\/div>\n\n\n<div class=\"wp-block-columns is-layout-flex wp-container-core-columns-is-layout-9d6595d7 wp-block-columns-is-layout-flex\">\n<div class=\"wp-block-column is-layout-flow wp-block-column-is-layout-flow\" style=\"border-radius:9px\">\n<h1 class=\"wp-block-heading has-text-align-center has-theme-palette-9-color has-text-color has-background has-link-color has-medium-font-size wp-elements-5674257e6aab9a12024f7fe5d4cb72c9\" style=\"border-radius:9px;background-color:#202b52\"><a href=\"https:\/\/wide.com.pl\/en\/projekt\/\">PROJECT<\/a><\/h1>\n\n\n\n<h1 class=\"wp-block-heading has-text-align-center has-theme-palette-9-color has-text-color has-background has-link-color has-medium-font-size wp-elements-bc6edc5ef185a6e47cd24cae5d5a2a78\" style=\"border-radius:9px;background-color:#ab1257\"><a href=\"https:\/\/wide.com.pl\/en\/szkolenia-i-wydarzenia\/\">TRAINING<\/a><\/h1>\n<\/div>\n\n\n\n<div class=\"wp-block-column is-layout-flow wp-block-column-is-layout-flow\">\n<h1 class=\"wp-block-heading has-text-align-center has-theme-palette-9-color has-text-color has-background has-link-color has-medium-font-size wp-elements-6265bf95f1aba188f955a02ecde225ca\" style=\"border-radius:9px;background-color:#202b52\"><a href=\"https:\/\/wide.com.pl\/en\/wspolpraca\/\">COOPERATION<\/a><\/h1>\n\n\n\n<h1 class=\"wp-block-heading has-text-align-center has-theme-palette-9-color has-text-color has-background has-link-color has-medium-font-size wp-elements-b7b5804f407e5b00dd2a1f506d46e81c\" style=\"border-radius:9px;background-color:#ab1257\"><a href=\"https:\/\/wide.com.pl\/en\/repozytorium\/\">REPOSITORY<\/a><\/h1>\n<\/div>\n<\/div>\n\n\n\n<h2 class=\"wp-block-heading has-text-align-center has-text-color has-link-color wp-elements-3c53deb8da519f04dde01e9c67f7f5a1\" style=\"color:#f1841a;text-transform:uppercase\">NEWS<\/h2>\n\n\n<div class=\"wp-block-image mt-50\">\n<figure class=\"aligncenter size-full is-resized\"><img decoding=\"async\" src=\"https:\/\/www.adn.pl\/wp-content\/uploads\/2021\/12\/2223.jpg\" alt=\"\" class=\"wp-image-2981\" style=\"width:109px;height:auto\"\/><\/figure>\n<\/div>\n\n<style>.kt-post-loop21_ffb301-31 .kadence-post-image{padding-top:0px;padding-right:0px;padding-bottom:0px;padding-left:0px;}.kt-post-loop21_ffb301-31 .kt-feat-image-align-left{grid-template-columns:43% auto;}.kt-post-loop21_ffb301-31 .kt-post-grid-wrap{gap:30px 30px;}.kt-post-loop21_ffb301-31 .kt-blocks-post-grid-item{border-top-left-radius:0px;border-top-right-radius:0px;border-bottom-right-radius:0px;border-bottom-left-radius:0px;border-top-color:currentColor;border-top-style:solid;border-right-color:currentColor;border-right-style:solid;border-bottom-color:currentColor;border-bottom-style:solid;border-left-color:currentColor;border-left-style:solid;overflow:hidden;}.kt-post-loop21_ffb301-31 .kt-blocks-post-grid-item .kt-blocks-post-grid-item-inner{padding-top:0px;padding-right:25px;padding-bottom:25px;padding-left:25px;}.kt-post-loop21_ffb301-31 .kt-blocks-post-grid-item header{padding-top:0px;padding-right:0px;padding-bottom:10px;padding-left:0px;margin-top:0px;margin-right:0px;margin-bottom:0px;margin-left:0px;}.kt-post-loop21_ffb301-31 .kt-blocks-post-grid-item .entry-title{padding-top:10px;padding-right:0px;padding-bottom:5px;padding-left:0px;margin-top:0px;margin-right:0px;margin-bottom:0px;margin-left:0px;font-size:24px;line-height:30px;}.kt-post-loop21_ffb301-31 .kt-blocks-post-grid-item .kt-blocks-post-top-meta{color:#777777;}.kt-post-loop21_ffb301-31 .kt-blocks-post-grid-item .kt-blocks-post-top-meta a{color:#777777;}.kt-post-loop21_ffb301-31 .kt-blocks-post-grid-item .kt-blocks-post-top-meta a:hover{color:#444444;}.kt-post-loop21_ffb301-31 .entry-content{padding-top:0px;padding-right:0px;padding-bottom:0px;padding-left:0px;margin-top:0px;margin-right:0px;margin-bottom:0px;margin-left:0px;}.kt-post-loop21_ffb301-31 .kt-blocks-post-footer{color:#777777;border-top-width:0px;border-right-width:0px;border-bottom-width:0px;border-left-width:0px;padding-top:0px;padding-right:0px;padding-bottom:0px;padding-left:0px;margin-top:0px;margin-right:0px;margin-bottom:0px;margin-left:0px;font-size:12px;line-height:20px;}.kt-post-loop21_ffb301-31 .entry-content:after{height:0px;}.kt-post-loop21_ffb301-31 .kt-blocks-post-footer a{color:#777777;}.kt-post-loop21_ffb301-31 .kt-blocks-post-footer a:hover{color:#444444;}.kt-post-loop21_ffb301-31 .entry-content .kt-blocks-post-readmore{background-color:var(--global-palette9, #ffffff);border-color:var(--global-palette1, #3182CE);color:var(--global-palette1, #3182CE);border-width:1px;padding-top:4px;padding-right:8px;padding-bottom:4px;padding-left:8px;margin-top:10px;margin-right:10px;margin-bottom:10px;margin-left:10px;}.kt-post-loop21_ffb301-31 .entry-content .kt-blocks-post-readmore:hover{color:var(--global-palette9, #ffffff);border-color:#555555;background-color:#f1841a;}.kt-post-loop21_ffb301-31 .kb-filter-item{border-top-width:0px;border-right-width:0px;border-bottom-width:2px;border-left-width:0px;padding-top:5px;padding-right:8px;padding-bottom:5px;padding-left:8px;margin-top:0px;margin-right:10px;margin-bottom:0px;margin-left:0px;}@media all and (max-width: 1024px){.kt-post-loop21_ffb301-31 .kt-blocks-post-grid-item{border-top-color:currentColor;border-top-style:solid;border-right-color:currentColor;border-right-style:solid;border-bottom-color:currentColor;border-bottom-style:solid;border-left-color:currentColor;border-left-style:solid;}}@media all and (max-width: 767px){.kt-post-loop21_ffb301-31 .kt-blocks-post-grid-item{border-top-color:currentColor;border-top-style:solid;border-right-color:currentColor;border-right-style:solid;border-bottom-color:currentColor;border-bottom-style:solid;border-left-color:currentColor;border-left-style:solid;}}<\/style><div class=\"wp-block-kadence-postgrid kt-blocks-post-loop-block alignnone kt-post-loop21_ffb301-31 kt-post-grid-layout-grid \"><div class=\"kt-post-grid-layout-grid-wrap kt-post-grid-wrap\" data-columns-xxl=\"2\" data-columns-xl=\"2\" data-columns-md=\"2\" data-columns-sm=\"2\" data-columns-xs=\"1\" data-columns-ss=\"1\"data-item-selector=\".kt-post-masonry-item\" aria-label=\"Post Carousel\"><article class=\"kt-blocks-post-grid-item post-809 post type-post status-publish format-standard has-post-thumbnail hentry category-funduszeue-en\"><div class=\"kt-blocks-post-grid-item-inner-wrap kt-feat-image-align-left kt-feat-image-mobile-align-top\"><div class=\"kadence-post-image\"><div class=\"kadence-post-image-intrisic kt-image-ratio-75\" style=\"padding-bottom:75%;\"><div class=\"kadence-post-image-inner-intrisic\"><a aria-hidden=\"true\" tabindex=\"-1\" role=\"presentation\" href=\"https:\/\/wide.com.pl\/en\/smaki-europy-inspirujace-wyklady-i-mlodziez-pelna-pasji-wyjatkowy-cykl-wydarzen-dzien-europy-z-wide\/\" aria-label=\"Smaki Europy, inspiruj\u0105ce wyk\u0142ady i m\u0142odzie\u017c pe\u0142na pasji \u2013 wyj\u0105tkowy cykl wydarze\u0144 \u201eDzie\u0144 Europy z WIDE\u201d\" class=\"kadence-post-image-inner-wrap\"><img loading=\"lazy\" decoding=\"async\" width=\"1024\" height=\"684\" src=\"https:\/\/wide.com.pl\/wp-content\/uploads\/2025\/09\/Mieczyslawow-3-1024x684.jpeg\" class=\"attachment-large size-large wp-post-image\" alt=\"\" srcset=\"https:\/\/wide.com.pl\/wp-content\/uploads\/2025\/09\/Mieczyslawow-3-1024x684.jpeg 1024w, https:\/\/wide.com.pl\/wp-content\/uploads\/2025\/09\/Mieczyslawow-3-300x200.jpeg 300w, https:\/\/wide.com.pl\/wp-content\/uploads\/2025\/09\/Mieczyslawow-3-768x513.jpeg 768w, https:\/\/wide.com.pl\/wp-content\/uploads\/2025\/09\/Mieczyslawow-3-1536x1025.jpeg 1536w, https:\/\/wide.com.pl\/wp-content\/uploads\/2025\/09\/Mieczyslawow-3-2048x1367.jpeg 2048w\" sizes=\"auto, (max-width: 1024px) 100vw, 1024px\" \/><\/a><\/div><\/div><\/div><div class=\"kt-blocks-post-grid-item-inner\"><header><h2 class=\"entry-title\"><a href=\"https:\/\/wide.com.pl\/en\/smaki-europy-inspirujace-wyklady-i-mlodziez-pelna-pasji-wyjatkowy-cykl-wydarzen-dzien-europy-z-wide\/\">Smaki Europy, inspiruj\u0105ce wyk\u0142ady i m\u0142odzie\u017c pe\u0142na pasji \u2013 wyj\u0105tkowy cykl wydarze\u0144 \u201eDzie\u0144 Europy z WIDE\u201d<\/a><\/h2><div class=\"kt-blocks-post-top-meta\"><\/div><\/header><div class=\"entry-content\">W okresie od 12 kwietnia do 23 czerwca 2025 roku w dziewi\u0119ciu szko\u0142ach w Polsce odby\u0142 si\u0119 niezwyk\u0142y cykl spotka\u0144&#8230;<div class=\"kt-blocks-post-readmore-wrap\"><a class=\"kt-blocks-post-readmore\" href=\"https:\/\/wide.com.pl\/en\/smaki-europy-inspirujace-wyklady-i-mlodziez-pelna-pasji-wyjatkowy-cykl-wydarzen-dzien-europy-z-wide\/\">Read More &gt;<span class=\"screen-reader-text\"> Smaki Europy, inspiruj\u0105ce wyk\u0142ady i m\u0142odzie\u017c pe\u0142na pasji \u2013 wyj\u0105tkowy cykl wydarze\u0144 \u201eDzie\u0144 Europy z WIDE\u201d<\/span><\/a><\/div><\/div><footer class=\"kt-blocks-post-footer\"><div class=\"kt-blocks-post-footer-left\"><\/div><div class=\"kt-blocks-post-footer-right\"><\/div><\/footer><\/div><\/div><\/article><article class=\"kt-blocks-post-grid-item post-525 post type-post status-publish format-standard has-post-thumbnail hentry category-funduszeue-en\"><div class=\"kt-blocks-post-grid-item-inner-wrap kt-feat-image-align-left kt-feat-image-mobile-align-top\"><div class=\"kadence-post-image\"><div class=\"kadence-post-image-intrisic kt-image-ratio-75\" style=\"padding-bottom:75%;\"><div class=\"kadence-post-image-inner-intrisic\"><a aria-hidden=\"true\" tabindex=\"-1\" role=\"presentation\" href=\"https:\/\/wide.com.pl\/en\/rozpoczeto-dzialania-zwiazane-z-organizacja-dnia-unii-europejskiej\/\" aria-label=\"Activities related to the organization of the European Union Day\" class=\"kadence-post-image-inner-wrap\"><img loading=\"lazy\" decoding=\"async\" width=\"1024\" height=\"576\" src=\"https:\/\/wide.com.pl\/wp-content\/uploads\/2025\/03\/ue_wide-1024x576.png\" class=\"attachment-large size-large wp-post-image\" alt=\"\" srcset=\"https:\/\/wide.com.pl\/wp-content\/uploads\/2025\/03\/ue_wide-1024x576.png 1024w, https:\/\/wide.com.pl\/wp-content\/uploads\/2025\/03\/ue_wide-300x169.png 300w, https:\/\/wide.com.pl\/wp-content\/uploads\/2025\/03\/ue_wide-768x432.png 768w, https:\/\/wide.com.pl\/wp-content\/uploads\/2025\/03\/ue_wide-1536x864.png 1536w, https:\/\/wide.com.pl\/wp-content\/uploads\/2025\/03\/ue_wide-2048x1152.png 2048w\" sizes=\"auto, (max-width: 1024px) 100vw, 1024px\" \/><\/a><\/div><\/div><\/div><div class=\"kt-blocks-post-grid-item-inner\"><header><h2 class=\"entry-title\"><a href=\"https:\/\/wide.com.pl\/en\/rozpoczeto-dzialania-zwiazane-z-organizacja-dnia-unii-europejskiej\/\">Activities related to the organization of the European Union Day<\/a><\/h2><div class=\"kt-blocks-post-top-meta\"><\/div><\/header><div class=\"entry-content\">Activities related to the organization of the European Union Day in schools have begun.Some events will take place in April,&#8230;<div class=\"kt-blocks-post-readmore-wrap\"><a class=\"kt-blocks-post-readmore\" href=\"https:\/\/wide.com.pl\/en\/rozpoczeto-dzialania-zwiazane-z-organizacja-dnia-unii-europejskiej\/\">Read More &gt;<span class=\"screen-reader-text\"> Activities related to the organization of the European Union Day<\/span><\/a><\/div><\/div><footer class=\"kt-blocks-post-footer\"><div class=\"kt-blocks-post-footer-left\"><\/div><div class=\"kt-blocks-post-footer-right\"><\/div><\/footer><\/div><\/div><\/article><article class=\"kt-blocks-post-grid-item post-513 post type-post status-publish format-standard has-post-thumbnail hentry category-funduszeue-en\"><div class=\"kt-blocks-post-grid-item-inner-wrap kt-feat-image-align-left kt-feat-image-mobile-align-top\"><div class=\"kadence-post-image\"><div class=\"kadence-post-image-intrisic kt-image-ratio-75\" style=\"padding-bottom:75%;\"><div class=\"kadence-post-image-inner-intrisic\"><a aria-hidden=\"true\" tabindex=\"-1\" role=\"presentation\" href=\"https:\/\/wide.com.pl\/en\/the-process-of-confirming-the-participation-of-schools\/\" aria-label=\"The process of confirming the participation of schools\" class=\"kadence-post-image-inner-wrap\"><img loading=\"lazy\" decoding=\"async\" width=\"1024\" height=\"458\" src=\"https:\/\/wide.com.pl\/wp-content\/uploads\/2025\/03\/wide_ue-2-1024x458.png\" class=\"attachment-large size-large wp-post-image\" alt=\"\" srcset=\"https:\/\/wide.com.pl\/wp-content\/uploads\/2025\/03\/wide_ue-2-1024x458.png 1024w, https:\/\/wide.com.pl\/wp-content\/uploads\/2025\/03\/wide_ue-2-300x134.png 300w, https:\/\/wide.com.pl\/wp-content\/uploads\/2025\/03\/wide_ue-2-768x343.png 768w, https:\/\/wide.com.pl\/wp-content\/uploads\/2025\/03\/wide_ue-2-1536x686.png 1536w, https:\/\/wide.com.pl\/wp-content\/uploads\/2025\/03\/wide_ue-2-2048x915.png 2048w\" sizes=\"auto, (max-width: 1024px) 100vw, 1024px\" \/><\/a><\/div><\/div><\/div><div class=\"kt-blocks-post-grid-item-inner\"><header><h2 class=\"entry-title\"><a href=\"https:\/\/wide.com.pl\/en\/the-process-of-confirming-the-participation-of-schools\/\">The process of confirming the participation of schools<\/a><\/h2><div class=\"kt-blocks-post-top-meta\"><\/div><\/header><div class=\"entry-content\">The process of confirming the participation of schools in the Wider and Deeper EU \u2013 WIDE Project has been completed&#8230;.<div class=\"kt-blocks-post-readmore-wrap\"><a class=\"kt-blocks-post-readmore\" href=\"https:\/\/wide.com.pl\/en\/the-process-of-confirming-the-participation-of-schools\/\">Read More &gt;<span class=\"screen-reader-text\"> The process of confirming the participation of schools<\/span><\/a><\/div><\/div><footer class=\"kt-blocks-post-footer\"><div class=\"kt-blocks-post-footer-left\"><\/div><div class=\"kt-blocks-post-footer-right\"><\/div><\/footer><\/div><\/div><\/article><\/div><\/div><!-- .wp-block-kadence-postgrid -->\n\n\n<p><\/p>\n\n\n<style>.wp-block-kadence-advancedbtn.kb-btns21_673c24-07{gap:var(--global-kb-gap-xs, 0.5rem );justify-content:center;align-items:center;}.kt-btns21_673c24-07 .kt-button{font-weight:normal;font-style:normal;}.kt-btns21_673c24-07 .kt-btn-wrap-0{margin-right:5px;}.wp-block-kadence-advancedbtn.kt-btns21_673c24-07 .kt-btn-wrap-0 .kt-button{color:#555555;border-color:#555555;}.wp-block-kadence-advancedbtn.kt-btns21_673c24-07 .kt-btn-wrap-0 .kt-button:hover, .wp-block-kadence-advancedbtn.kt-btns21_673c24-07 .kt-btn-wrap-0 .kt-button:focus{color:#ffffff;border-color:#444444;}.wp-block-kadence-advancedbtn.kt-btns21_673c24-07 .kt-btn-wrap-0 .kt-button::before{display:none;}.wp-block-kadence-advancedbtn.kt-btns21_673c24-07 .kt-btn-wrap-0 .kt-button:hover, .wp-block-kadence-advancedbtn.kt-btns21_673c24-07 .kt-btn-wrap-0 .kt-button:focus{background:#444444;}<\/style>\n<div class=\"wp-block-kadence-advancedbtn kb-buttons-wrap kb-btns21_673c24-07\"><style>ul.menu .wp-block-kadence-advancedbtn .kb-btn21_bd0aaa-07.kb-button{width:initial;}.wp-block-kadence-advancedbtn .kb-btn21_bd0aaa-07.kb-button{color:var(--global-palette1, #3182CE);}.wp-block-kadence-advancedbtn .kb-btn21_bd0aaa-07.kb-button:hover, .wp-block-kadence-advancedbtn .kb-btn21_bd0aaa-07.kb-button:focus{color:var(--global-palette1, #3182CE);}<\/style><a class=\"kb-button kt-button button kb-btn21_bd0aaa-07 kt-btn-size-standard kt-btn-width-type-auto kb-btn-global-outline  kt-btn-has-text-true kt-btn-has-svg-true  wp-block-kadence-singlebtn\" href=\"https:\/\/wide.com.pl\/aktualnosci\/\"><span class=\"kt-btn-inner-text\">SEE MORE<\/span><span class=\"kb-svg-icon-wrap kb-svg-icon-fe_arrowRight kt-btn-icon-side-right\"><svg viewBox=\"0 0 24 24\"  fill=\"none\" stroke=\"currentColor\" stroke-width=\"2\" stroke-linecap=\"round\" stroke-linejoin=\"round\" xmlns=\"http:\/\/www.w3.org\/2000\/svg\"  aria-hidden=\"true\"><line x1=\"5\" y1=\"12\" x2=\"19\" y2=\"12\"\/><polyline points=\"12 5 19 12 12 19\"\/><\/svg><\/span><\/a><\/div>\n<\/div><\/div>\n\n<\/div><\/div>\n\n\n<div class=\"wp-block-columns is-layout-flex wp-container-core-columns-is-layout-9d6595d7 wp-block-columns-is-layout-flex\">\n<div class=\"wp-block-column is-layout-flow wp-block-column-is-layout-flow\"><\/div>\n\n\n\n<div class=\"wp-block-column is-layout-flow wp-block-column-is-layout-flow\"><\/div>\n<\/div>\n\n\n\n<p><\/p>\n","protected":false},"excerpt":{"rendered":"<p>ADN Business Academy \u2013 a professional partner in education The Wider and Deaper EU \u2013 WIDE Project is an initiative of ADN Business Academy &#8211; Teacher Training Centre being implemented on the basis of a Grant Agreement with the European Education and Culture Executive Agency (EACEA) financed by the European Union under the Jean Monnet&#8230;<\/p>\n","protected":false},"author":1,"featured_media":0,"parent":0,"menu_order":0,"comment_status":"closed","ping_status":"closed","template":"","meta":{"_acf_changed":false,"_kad_blocks_custom_css":"","_kad_blocks_head_custom_js":"","_kad_blocks_body_custom_js":"","_kad_blocks_footer_custom_js":"","_kad_post_transparent":"","_kad_post_title":"hide","_kad_post_layout":"fullwidth","_kad_post_sidebar_id":"","_kad_post_content_style":"unboxed","_kad_post_vertical_padding":"","_kad_post_feature":"","_kad_post_feature_position":"","_kad_post_header":false,"_kad_post_footer":false,"_kad_post_classname":"","footnotes":""},"class_list":["post-21","page","type-page","status-publish","hentry"],"acf":[],"taxonomy_info":[],"featured_image_src_large":false,"author_info":{"display_name":"admin","author_link":"https:\/\/wide.com.pl\/en\/author\/admin\/"},"comment_info":0,"_links":{"self":[{"href":"https:\/\/wide.com.pl\/en\/wp-json\/wp\/v2\/pages\/21","targetHints":{"allow":["GET"]}}],"collection":[{"href":"https:\/\/wide.com.pl\/en\/wp-json\/wp\/v2\/pages"}],"about":[{"href":"https:\/\/wide.com.pl\/en\/wp-json\/wp\/v2\/types\/page"}],"author":[{"embeddable":true,"href":"https:\/\/wide.com.pl\/en\/wp-json\/wp\/v2\/users\/1"}],"replies":[{"embeddable":true,"href":"https:\/\/wide.com.pl\/en\/wp-json\/wp\/v2\/comments?post=21"}],"version-history":[{"count":16,"href":"https:\/\/wide.com.pl\/en\/wp-json\/wp\/v2\/pages\/21\/revisions"}],"predecessor-version":[{"id":548,"href":"https:\/\/wide.com.pl\/en\/wp-json\/wp\/v2\/pages\/21\/revisions\/548"}],"wp:attachment":[{"href":"https:\/\/wide.com.pl\/en\/wp-json\/wp\/v2\/media?parent=21"}],"curies":[{"name":"wp","href":"https:\/\/api.w.org\/{rel}","templated":true}]}}