{"id":298,"date":"2025-03-25T11:12:53","date_gmt":"2025-03-25T11:12:53","guid":{"rendered":"https:\/\/wide.com.pl\/wspolpraca\/"},"modified":"2025-03-31T07:12:19","modified_gmt":"2025-03-31T07:12:19","slug":"wspolpraca","status":"publish","type":"page","link":"https:\/\/wide.com.pl\/en\/wspolpraca\/","title":{"rendered":"COOPERATION"},"content":{"rendered":"\n<h2 class=\"wp-block-heading has-text-align-center has-text-color has-link-color wp-elements-6b4896059f641996315b5a77e08b73a9\" style=\"color:#f1841a\">ADN Business Academy \u2013 Teacher Training Centre<\/h2>\n\n\n<div class=\"wp-block-image mt-50\">\n<figure class=\"aligncenter size-full is-resized\"><img decoding=\"async\" src=\"https:\/\/www.adn.pl\/wp-content\/uploads\/2021\/12\/2223.jpg\" alt=\"\" class=\"wp-image-2981\" style=\"width:109px;height:auto\"\/><\/figure>\n<\/div>\n\n\n<div class=\"wp-block-media-text is-stacked-on-mobile is-image-fill-element\"><figure class=\"wp-block-media-text__media\"><img loading=\"lazy\" decoding=\"async\" width=\"1024\" height=\"683\" src=\"https:\/\/wide.com.pl\/wp-content\/uploads\/2025\/03\/ue-1024x683.jpg\" alt=\"\" class=\"wp-image-140 size-full\" style=\"object-position:50% 50%\" srcset=\"https:\/\/wide.com.pl\/wp-content\/uploads\/2025\/03\/ue-1024x683.jpg 1024w, https:\/\/wide.com.pl\/wp-content\/uploads\/2025\/03\/ue-300x200.jpg 300w, https:\/\/wide.com.pl\/wp-content\/uploads\/2025\/03\/ue-768x513.jpg 768w, https:\/\/wide.com.pl\/wp-content\/uploads\/2025\/03\/ue-1536x1025.jpg 1536w, https:\/\/wide.com.pl\/wp-content\/uploads\/2025\/03\/ue-2048x1367.jpg 2048w\" sizes=\"auto, (max-width: 1024px) 100vw, 1024px\" \/><\/figure><div class=\"wp-block-media-text__content\">\n<p>ADN Business Academy \u2013 Teacher Training Centre implements projects in the field of education aimed at employees of schools, public and non-public teacher training facilities, employees of public and non-public psychological and pedagogical counseling centers, employees of pedagogical libraries, methodological advisors, individual specialists and trainers (persons providing training and advisory services in the field of education and school support system institutions).<\/p>\n\n\n\n<p>The WIDE project is another initiative implemented together with schools, teachers and students in order to develop didactic resources, educational methods and content, to increase knowledge and build civic foundations through school education.<\/p>\n<\/div><\/div>\n\n\n\n<h2 class=\"wp-block-heading has-text-align-center has-text-color has-link-color wp-elements-96f69326f8334fe8c924ea831974bac3\" style=\"color:#f1841a\">School involvement<\/h2>\n\n\n<div class=\"wp-block-image mt-50\">\n<figure class=\"aligncenter size-full is-resized\"><img decoding=\"async\" src=\"https:\/\/www.adn.pl\/wp-content\/uploads\/2021\/12\/2223.jpg\" alt=\"\" class=\"wp-image-2981\" style=\"width:109px;height:auto\"\/><\/figure>\n<\/div>\n\n\n<div class=\"wp-block-media-text has-media-on-the-right is-stacked-on-mobile is-image-fill-element\"><div class=\"wp-block-media-text__content\">\n<div class=\"wp-block-group is-nowrap is-layout-flex wp-container-core-group-is-layout-ad2f72ca wp-block-group-is-layout-flex\">\n<p>The project is being co-implemented with the participation of secondary schools from different parts of the country. Among them were:<\/p>\n<\/div>\n\n\n<style>.wp-block-kadence-iconlist.kt-svg-icon-list-items298_e25f1d-96:not(.this-stops-third-party-issues){margin-top:0px;margin-bottom:0px;}.wp-block-kadence-iconlist.kt-svg-icon-list-items298_e25f1d-96 ul.kt-svg-icon-list:not(.this-prevents-issues):not(.this-stops-third-party-issues):not(.tijsloc){margin-top:0px;margin-right:0px;margin-bottom:var(--global-kb-spacing-sm, 1.5rem);margin-left:0px;}.wp-block-kadence-iconlist.kt-svg-icon-list-items298_e25f1d-96 ul.kt-svg-icon-list{grid-row-gap:5px;}.wp-block-kadence-iconlist.kt-svg-icon-list-items298_e25f1d-96 ul.kt-svg-icon-list .kt-svg-icon-list-item-wrap .kt-svg-icon-list-single{margin-right:10px;}.kt-svg-icon-list-items298_e25f1d-96 ul.kt-svg-icon-list .kt-svg-icon-list-level-0 .kt-svg-icon-list-single svg{font-size:20px;}<\/style>\n<div class=\"wp-block-kadence-iconlist kt-svg-icon-list-items kt-svg-icon-list-items298_e25f1d-96 kt-svg-icon-list-columns-1 alignnone\"><ul class=\"kt-svg-icon-list\"><style>.kt-svg-icon-list-item-298_e24a1f-60 .kt-svg-icon-list-single{color:#ab1257 !important;}.kt-svg-icon-list-item-298_e24a1f-60 .kt-svg-icon-list-text mark.kt-highlight{background-color:unset;font-style:normal;color:#f76a0c;-webkit-box-decoration-break:clone;box-decoration-break:clone;padding-top:0px;padding-right:0px;padding-bottom:0px;padding-left:0px;}<\/style>\n<li class=\"wp-block-kadence-listitem kt-svg-icon-list-item-wrap kt-svg-icon-list-item-298_e24a1f-60\"><span class=\"kb-svg-icon-wrap kb-svg-icon-fe_arrowRight kt-svg-icon-list-single\"><svg viewBox=\"0 0 24 24\"  fill=\"none\" stroke=\"currentColor\" stroke-width=\"4\" stroke-linecap=\"round\" stroke-linejoin=\"round\" xmlns=\"http:\/\/www.w3.org\/2000\/svg\"  aria-hidden=\"true\"><line x1=\"5\" y1=\"12\" x2=\"19\" y2=\"12\"\/><polyline points=\"12 5 19 12 12 19\"\/><\/svg><\/span><span class=\"kt-svg-icon-list-text\">1st General Secondary School named after Adam Mickiewicz in Kolno<\/span><\/li>\n\n\n<style>.kt-svg-icon-list-item-298_df0dda-4a .kt-svg-icon-list-single{color:#ab1257 !important;}.kt-svg-icon-list-item-298_df0dda-4a .kt-svg-icon-list-text mark.kt-highlight{background-color:unset;font-style:normal;color:#f76a0c;-webkit-box-decoration-break:clone;box-decoration-break:clone;padding-top:0px;padding-right:0px;padding-bottom:0px;padding-left:0px;}<\/style>\n<li class=\"wp-block-kadence-listitem kt-svg-icon-list-item-wrap kt-svg-icon-list-item-298_df0dda-4a\"><span class=\"kb-svg-icon-wrap kb-svg-icon-fe_arrowRight kt-svg-icon-list-single\"><svg viewBox=\"0 0 24 24\"  fill=\"none\" stroke=\"currentColor\" stroke-width=\"4\" stroke-linecap=\"round\" stroke-linejoin=\"round\" xmlns=\"http:\/\/www.w3.org\/2000\/svg\"  aria-hidden=\"true\"><line x1=\"5\" y1=\"12\" x2=\"19\" y2=\"12\"\/><polyline points=\"12 5 19 12 12 19\"\/><\/svg><\/span><span class=\"kt-svg-icon-list-text\">1st General Secondary School named after Maria Konopnicka in Suwa\u0142ki<\/span><\/li>\n\n\n<style>.kt-svg-icon-list-item-298_e63d77-4d .kt-svg-icon-list-single{color:#ab1257 !important;}.kt-svg-icon-list-item-298_e63d77-4d .kt-svg-icon-list-text mark.kt-highlight{background-color:unset;font-style:normal;color:#f76a0c;-webkit-box-decoration-break:clone;box-decoration-break:clone;padding-top:0px;padding-right:0px;padding-bottom:0px;padding-left:0px;}<\/style>\n<li class=\"wp-block-kadence-listitem kt-svg-icon-list-item-wrap kt-svg-icon-list-item-298_e63d77-4d\"><span class=\"kb-svg-icon-wrap kb-svg-icon-fe_arrowRight kt-svg-icon-list-single\"><svg viewBox=\"0 0 24 24\"  fill=\"none\" stroke=\"currentColor\" stroke-width=\"4\" stroke-linecap=\"round\" stroke-linejoin=\"round\" xmlns=\"http:\/\/www.w3.org\/2000\/svg\"  aria-hidden=\"true\"><line x1=\"5\" y1=\"12\" x2=\"19\" y2=\"12\"\/><polyline points=\"12 5 19 12 12 19\"\/><\/svg><\/span><span class=\"kt-svg-icon-list-text\">1st General Secondary School named after Tadeusz Ko\u015bciuszko in \u0141om\u017ca<\/span><\/li>\n\n\n<style>.kt-svg-icon-list-item-298_6ef476-7b .kt-svg-icon-list-single{color:#ab1257 !important;}.kt-svg-icon-list-item-298_6ef476-7b .kt-svg-icon-list-text mark.kt-highlight{background-color:unset;font-style:normal;color:#f76a0c;-webkit-box-decoration-break:clone;box-decoration-break:clone;padding-top:0px;padding-right:0px;padding-bottom:0px;padding-left:0px;}<\/style>\n<li class=\"wp-block-kadence-listitem kt-svg-icon-list-item-wrap kt-svg-icon-list-item-298_6ef476-7b\"><span class=\"kb-svg-icon-wrap kb-svg-icon-fe_arrowRight kt-svg-icon-list-single\"><svg viewBox=\"0 0 24 24\"  fill=\"none\" stroke=\"currentColor\" stroke-width=\"4\" stroke-linecap=\"round\" stroke-linejoin=\"round\" xmlns=\"http:\/\/www.w3.org\/2000\/svg\"  aria-hidden=\"true\"><line x1=\"5\" y1=\"12\" x2=\"19\" y2=\"12\"\/><polyline points=\"12 5 19 12 12 19\"\/><\/svg><\/span><span class=\"kt-svg-icon-list-text\">4th General Secondary School named after Rotmistrz Witold Pilecki in Piaseczno<\/span><\/li>\n\n\n<style>.kt-svg-icon-list-item-298_95d33e-48 .kt-svg-icon-list-single{color:#ab1257 !important;}.kt-svg-icon-list-item-298_95d33e-48 .kt-svg-icon-list-text mark.kt-highlight{background-color:unset;font-style:normal;color:#f76a0c;-webkit-box-decoration-break:clone;box-decoration-break:clone;padding-top:0px;padding-right:0px;padding-bottom:0px;padding-left:0px;}<\/style>\n<li class=\"wp-block-kadence-listitem kt-svg-icon-list-item-wrap kt-svg-icon-list-item-298_95d33e-48\"><span class=\"kb-svg-icon-wrap kb-svg-icon-fe_arrowRight kt-svg-icon-list-single\"><svg viewBox=\"0 0 24 24\"  fill=\"none\" stroke=\"currentColor\" stroke-width=\"4\" stroke-linecap=\"round\" stroke-linejoin=\"round\" xmlns=\"http:\/\/www.w3.org\/2000\/svg\"  aria-hidden=\"true\"><line x1=\"5\" y1=\"12\" x2=\"19\" y2=\"12\"\/><polyline points=\"12 5 19 12 12 19\"\/><\/svg><\/span><span class=\"kt-svg-icon-list-text\">Korczakowskie General Secondary School in Warsaw<\/span><\/li>\n\n\n<style>.kt-svg-icon-list-item-298_d1c29c-4e .kt-svg-icon-list-single{color:#ab1257 !important;}.kt-svg-icon-list-item-298_d1c29c-4e .kt-svg-icon-list-text mark.kt-highlight{background-color:unset;font-style:normal;color:#f76a0c;-webkit-box-decoration-break:clone;box-decoration-break:clone;padding-top:0px;padding-right:0px;padding-bottom:0px;padding-left:0px;}<\/style>\n<li class=\"wp-block-kadence-listitem kt-svg-icon-list-item-wrap kt-svg-icon-list-item-298_d1c29c-4e\"><span class=\"kb-svg-icon-wrap kb-svg-icon-fe_arrowRight kt-svg-icon-list-single\"><svg viewBox=\"0 0 24 24\"  fill=\"none\" stroke=\"currentColor\" stroke-width=\"4\" stroke-linecap=\"round\" stroke-linejoin=\"round\" xmlns=\"http:\/\/www.w3.org\/2000\/svg\"  aria-hidden=\"true\"><line x1=\"5\" y1=\"12\" x2=\"19\" y2=\"12\"\/><polyline points=\"12 5 19 12 12 19\"\/><\/svg><\/span><span class=\"kt-svg-icon-list-text\">General Secondary School in Kro\u015bniewice<\/span><\/li>\n\n\n<style>.kt-svg-icon-list-item-298_e05bec-75 .kt-svg-icon-list-single{color:#ab1257 !important;}.kt-svg-icon-list-item-298_e05bec-75 .kt-svg-icon-list-text mark.kt-highlight{background-color:unset;font-style:normal;color:#f76a0c;-webkit-box-decoration-break:clone;box-decoration-break:clone;padding-top:0px;padding-right:0px;padding-bottom:0px;padding-left:0px;}<\/style>\n<li class=\"wp-block-kadence-listitem kt-svg-icon-list-item-wrap kt-svg-icon-list-item-298_e05bec-75\"><span class=\"kb-svg-icon-wrap kb-svg-icon-fe_arrowRight kt-svg-icon-list-single\"><svg viewBox=\"0 0 24 24\"  fill=\"none\" stroke=\"currentColor\" stroke-width=\"4\" stroke-linecap=\"round\" stroke-linejoin=\"round\" xmlns=\"http:\/\/www.w3.org\/2000\/svg\"  aria-hidden=\"true\"><line x1=\"5\" y1=\"12\" x2=\"19\" y2=\"12\"\/><polyline points=\"12 5 19 12 12 19\"\/><\/svg><\/span><span class=\"kt-svg-icon-list-text\">1st General Secondary School named after Gen. Jan Henryk D\u0105browski in Kutno<\/span><\/li>\n\n\n<style>.kt-svg-icon-list-item-298_f2595d-74 .kt-svg-icon-list-single{color:#ab1257 !important;}.kt-svg-icon-list-item-298_f2595d-74 .kt-svg-icon-list-text mark.kt-highlight{background-color:unset;font-style:normal;color:#f76a0c;-webkit-box-decoration-break:clone;box-decoration-break:clone;padding-top:0px;padding-right:0px;padding-bottom:0px;padding-left:0px;}<\/style>\n<li class=\"wp-block-kadence-listitem kt-svg-icon-list-item-wrap kt-svg-icon-list-item-298_f2595d-74\"><span class=\"kb-svg-icon-wrap kb-svg-icon-fe_arrowRight kt-svg-icon-list-single\"><svg viewBox=\"0 0 24 24\"  fill=\"none\" stroke=\"currentColor\" stroke-width=\"4\" stroke-linecap=\"round\" stroke-linejoin=\"round\" xmlns=\"http:\/\/www.w3.org\/2000\/svg\"  aria-hidden=\"true\"><line x1=\"5\" y1=\"12\" x2=\"19\" y2=\"12\"\/><polyline points=\"12 5 19 12 12 19\"\/><\/svg><\/span><span class=\"kt-svg-icon-list-text\">Maciej Rataj Agricultural Education Center Complex in Mieczys\u0142awowo<\/span><\/li>\n\n\n<style>.kt-svg-icon-list-item-298_0062c6-54 .kt-svg-icon-list-single{color:#ab1257 !important;}.kt-svg-icon-list-item-298_0062c6-54 .kt-svg-icon-list-text mark.kt-highlight{background-color:unset;font-style:normal;color:#f76a0c;-webkit-box-decoration-break:clone;box-decoration-break:clone;padding-top:0px;padding-right:0px;padding-bottom:0px;padding-left:0px;}<\/style>\n<li class=\"wp-block-kadence-listitem kt-svg-icon-list-item-wrap kt-svg-icon-list-item-298_0062c6-54\"><span class=\"kb-svg-icon-wrap kb-svg-icon-fe_arrowRight kt-svg-icon-list-single\"><svg viewBox=\"0 0 24 24\"  fill=\"none\" stroke=\"currentColor\" stroke-width=\"4\" stroke-linecap=\"round\" stroke-linejoin=\"round\" xmlns=\"http:\/\/www.w3.org\/2000\/svg\"  aria-hidden=\"true\"><line x1=\"5\" y1=\"12\" x2=\"19\" y2=\"12\"\/><polyline points=\"12 5 19 12 12 19\"\/><\/svg><\/span><span class=\"kt-svg-icon-list-text\">Post-Secondary School &#8220;Pascal&#8221; in Kutno<\/span><\/li>\n<\/ul><\/div>\n<\/div><figure class=\"wp-block-media-text__media\"><img loading=\"lazy\" decoding=\"async\" width=\"1024\" height=\"683\" src=\"https:\/\/wide.com.pl\/wp-content\/uploads\/2025\/03\/unia_europejska-1024x683.jpg\" alt=\"\" class=\"wp-image-143 size-full\" style=\"object-position:50% 50%\" srcset=\"https:\/\/wide.com.pl\/wp-content\/uploads\/2025\/03\/unia_europejska-1024x683.jpg 1024w, https:\/\/wide.com.pl\/wp-content\/uploads\/2025\/03\/unia_europejska-300x200.jpg 300w, https:\/\/wide.com.pl\/wp-content\/uploads\/2025\/03\/unia_europejska-768x512.jpg 768w, https:\/\/wide.com.pl\/wp-content\/uploads\/2025\/03\/unia_europejska-1536x1024.jpg 1536w, https:\/\/wide.com.pl\/wp-content\/uploads\/2025\/03\/unia_europejska-2048x1365.jpg 2048w\" sizes=\"auto, (max-width: 1024px) 100vw, 1024px\" \/><\/figure><\/div>\n\n\n\n<p class=\"has-theme-palette-9-color has-text-color has-background has-link-color wp-elements-e803094a7aa0395167e8f02b461d74d5\" style=\"border-radius:9px;background-color:#202b52\">From each school, several teachers, most often those teaching humanities, and students from all grades, are involved in the project. In total, the project will cover about 40 teachers and over 600 students.<\/p>\n\n\n\n<p><\/p>\n","protected":false},"excerpt":{"rendered":"<p>ADN Business Academy \u2013 Teacher Training Centre ADN Business Academy \u2013 Teacher Training Centre implements projects in the field of education aimed at employees of schools, public and non-public teacher training facilities, employees of public and non-public psychological and pedagogical counseling centers, employees of pedagogical libraries, methodological advisors, individual specialists and trainers (persons providing training&#8230;<\/p>\n","protected":false},"author":1,"featured_media":0,"parent":0,"menu_order":0,"comment_status":"closed","ping_status":"closed","template":"","meta":{"_acf_changed":false,"_kad_blocks_custom_css":"","_kad_blocks_head_custom_js":"","_kad_blocks_body_custom_js":"","_kad_blocks_footer_custom_js":"","_kad_post_transparent":"","_kad_post_title":"","_kad_post_layout":"","_kad_post_sidebar_id":"","_kad_post_content_style":"","_kad_post_vertical_padding":"","_kad_post_feature":"","_kad_post_feature_position":"","_kad_post_header":false,"_kad_post_footer":false,"_kad_post_classname":"","footnotes":""},"class_list":["post-298","page","type-page","status-publish","hentry"],"acf":[],"taxonomy_info":[],"featured_image_src_large":false,"author_info":{"display_name":"admin","author_link":"https:\/\/wide.com.pl\/en\/author\/admin\/"},"comment_info":0,"_links":{"self":[{"href":"https:\/\/wide.com.pl\/en\/wp-json\/wp\/v2\/pages\/298","targetHints":{"allow":["GET"]}}],"collection":[{"href":"https:\/\/wide.com.pl\/en\/wp-json\/wp\/v2\/pages"}],"about":[{"href":"https:\/\/wide.com.pl\/en\/wp-json\/wp\/v2\/types\/page"}],"author":[{"embeddable":true,"href":"https:\/\/wide.com.pl\/en\/wp-json\/wp\/v2\/users\/1"}],"replies":[{"embeddable":true,"href":"https:\/\/wide.com.pl\/en\/wp-json\/wp\/v2\/comments?post=298"}],"version-history":[{"count":5,"href":"https:\/\/wide.com.pl\/en\/wp-json\/wp\/v2\/pages\/298\/revisions"}],"predecessor-version":[{"id":489,"href":"https:\/\/wide.com.pl\/en\/wp-json\/wp\/v2\/pages\/298\/revisions\/489"}],"wp:attachment":[{"href":"https:\/\/wide.com.pl\/en\/wp-json\/wp\/v2\/media?parent=298"}],"curies":[{"name":"wp","href":"https:\/\/api.w.org\/{rel}","templated":true}]}}